{"id":3666,"date":"2018-05-03T14:53:08","date_gmt":"2018-05-03T18:53:08","guid":{"rendered":"https:\/\/greenlabscs.com\/style-innovant-qui-attrape-loeil\/"},"modified":"2022-08-03T10:39:21","modified_gmt":"2022-08-03T14:39:21","slug":"style-innovant-qui-attrape-loeil","status":"publish","type":"page","link":"https:\/\/greenlabscs.com\/fr\/","title":{"rendered":"Style innovant et accrocheur"},"content":{"rendered":"<p>[vc_row][vc_column][separator width=&#8221;900&#8243; height=&#8221;60&#8243; position=&#8221;center&#8221; color=&#8221;#ffffff&#8221;][\/vc_column][\/vc_row][vc_row type=&#8221;full_width_background&#8221; bg_color=&#8221;#ffffff&#8221; el_id=&#8221;icon-row1&#8243;][vc_column width=&#8221;1\/4&#8243;][vc_column_text]<\/p>\n<h3><strong><img loading=\"lazy\" decoding=\"async\" class=\"alignnone wp-image-2664 size-medium\" src=\"http:\/\/greenlabscs.com\/wp-content\/uploads\/sites\/3\/2018\/09\/iStock-601015838-Small-300x200.jpg\" alt=\"\" width=\"300\" height=\"200\" srcset=\"\/wp-content\/uploads\/2018\/09\/iStock-601015838-Small-300x200.jpg 300w, \/wp-content\/uploads\/2018\/09\/iStock-601015838-Small.jpg 600w, \/wp-content\/uploads\/2018\/09\/iStock-601015838-Small-355x235.jpg 355w\" sizes=\"auto, (max-width: 300px) 100vw, 300px\" \/><\/strong><\/h3>\n<h2 style=\"text-align: center;\">INDUSTRIEL<\/h2>\n<p style=\"text-align: center;\"><strong>Des solutions efficaces pour des t\u00e2ches difficiles.<\/strong><\/p>\n<p>[\/vc_column_text][\/vc_column][vc_column width=&#8221;1\/4&#8243;][vc_column_text]<\/p>\n<h3 style=\"text-align: center;\"><strong><a href=\"http:\/\/greenlabscs.com\/industries\/healthcare\/\"><img loading=\"lazy\" decoding=\"async\" class=\"aligncenter size-full wp-image-2670\" src=\"http:\/\/greenlabscs.com\/wp-content\/uploads\/sites\/3\/2018\/09\/iStock-482858629.jpg\" alt=\"\" width=\"600\" height=\"400\" srcset=\"\/wp-content\/uploads\/2018\/09\/iStock-482858629.jpg 600w, \/wp-content\/uploads\/2018\/09\/iStock-482858629-300x200.jpg 300w\" sizes=\"auto, (max-width: 600px) 100vw, 600px\" \/><\/a><\/strong><\/h3>\n<h2 style=\"text-align: center;\">SERVICES DE SANT\u00c9<\/h2>\n<p style=\"text-align: center;\"><strong>Prenez une longueur d&#8217;avance sur les germes.<\/strong><\/p>\n<p>[\/vc_column_text][\/vc_column][vc_column width=&#8221;1\/4&#8243;][vc_column_text]<\/p>\n<h3 style=\"text-align: center;\"><img loading=\"lazy\" decoding=\"async\" class=\"aligncenter wp-image-2660 size-full\" src=\"http:\/\/greenlabscs.com\/wp-content\/uploads\/sites\/3\/2018\/09\/iStock-665298906.jpg\" alt=\"\" width=\"600\" height=\"400\" srcset=\"\/wp-content\/uploads\/2018\/09\/iStock-665298906.jpg 600w, \/wp-content\/uploads\/2018\/09\/iStock-665298906-300x200.jpg 300w\" sizes=\"auto, (max-width: 600px) 100vw, 600px\" \/><\/h3>\n<h2 style=\"text-align: center;\">HOSPITALIT\u00c9<\/h2>\n<p style=\"text-align: center;\"><strong>Offrez \u00e0 vos clients une exp\u00e9rience 5 \u00e9toiles ultime.<\/strong><\/p>\n<p>[\/vc_column_text][\/vc_column][vc_column width=&#8221;1\/4&#8243;][vc_column_text]<\/p>\n<h3 style=\"text-align: center;\"><strong><a href=\"http:\/\/greenlabscs.com\/industries\/retail\/\"><img loading=\"lazy\" decoding=\"async\" class=\"aligncenter wp-image-2697 size-full\" src=\"http:\/\/greenlabscs.com\/wp-content\/uploads\/sites\/3\/2018\/09\/retail_shutterstock_155054024_600x400.jpg\" alt=\"D\u00e9tail\" width=\"600\" height=\"400\" srcset=\"\/wp-content\/uploads\/2018\/09\/retail_shutterstock_155054024_600x400.jpg 600w, \/wp-content\/uploads\/2018\/09\/retail_shutterstock_155054024_600x400-300x200.jpg 300w\" sizes=\"auto, (max-width: 600px) 100vw, 600px\" \/><\/a><\/strong><\/h3>\n<h2 style=\"text-align: center;\">D\u00c9TAIL<\/h2>\n<p style=\"text-align: center;\"><strong>Dynamisez votre entreprise et votre nettoyage.<\/strong><\/p>\n<p>[\/vc_column_text][\/vc_column][\/vc_row][vc_row el_id=&#8221;center-text-blocks&#8221;][vc_column width=&#8221;1\/4&#8243;][vc_column_text]<\/p>\n<h3 style=\"text-align: center;\"><img loading=\"lazy\" decoding=\"async\" class=\"aligncenter wp-image-2651 size-full\" src=\"http:\/\/greenlabscs.com\/wp-content\/uploads\/sites\/3\/2018\/09\/iStock-947900770.jpg\" alt=\"\" width=\"600\" height=\"400\" srcset=\"\/wp-content\/uploads\/2018\/09\/iStock-947900770.jpg 600w, \/wp-content\/uploads\/2018\/09\/iStock-947900770-300x200.jpg 300w\" sizes=\"auto, (max-width: 600px) 100vw, 600px\" \/><\/h3>\n<h2 style=\"text-align: center;\">\u00c9DUCATION<\/h2>\n<p style=\"text-align: center;\"><strong>Relevez le niveau de propret\u00e9.<\/strong><\/p>\n<p>[\/vc_column_text][\/vc_column][vc_column width=&#8221;1\/4&#8243;][vc_column_text]<\/p>\n<h3 style=\"text-align: center;\"><a href=\"http:\/\/greenlabscs.com\/industries\/food-processing\/\"><img loading=\"lazy\" decoding=\"async\" class=\"aligncenter size-full wp-image-2671\" src=\"http:\/\/greenlabscs.com\/wp-content\/uploads\/sites\/3\/2018\/09\/iStock-481178878.jpg\" alt=\"\" width=\"600\" height=\"400\" srcset=\"\/wp-content\/uploads\/2018\/09\/iStock-481178878.jpg 600w, \/wp-content\/uploads\/2018\/09\/iStock-481178878-300x200.jpg 300w\" sizes=\"auto, (max-width: 600px) 100vw, 600px\" \/><\/a><\/h3>\n<h2 style=\"text-align: center;\">RESTAURATION<\/h2>\n<p style=\"text-align: center;\"><strong>La s\u00e9curit\u00e9 alimentaire simplifi\u00e9e.<\/strong><\/p>\n<p>[\/vc_column_text][\/vc_column][vc_column width=&#8221;1\/4&#8243;][vc_column_text]<\/p>\n<h3><strong><a href=\"http:\/\/greenlabscs.com\/industries\/commercial\/\"><img loading=\"lazy\" decoding=\"async\" class=\"aligncenter wp-image-2295 size-full\" src=\"http:\/\/greenlabscs.com\/wp-content\/uploads\/sites\/3\/2018\/06\/1092-600x400.jpg\" alt=\"Industriel\" width=\"600\" height=\"400\" srcset=\"\/wp-content\/uploads\/2018\/06\/1092-600x400.jpg 600w, \/wp-content\/uploads\/2018\/06\/1092-600x400-300x200.jpg 300w\" sizes=\"auto, (max-width: 600px) 100vw, 600px\" \/><\/a><\/strong><\/h3>\n<h2 style=\"text-align: center;\">COMMERCIAL<\/h2>\n<p style=\"text-align: center;\"><strong>Des solutions intelligentes. Des r\u00e9sultats puissants.<\/strong><\/p>\n<p>[\/vc_column_text][\/vc_column][vc_column width=&#8221;1\/4&#8243;][\/vc_column][\/vc_row][vc_row disable_element=&#8221;yes&#8221;][vc_column][separator width=&#8221;900&#8243; height=&#8221;200&#8243; position=&#8221;center&#8221; color=&#8221;#ffffff&#8221;][\/vc_column][\/vc_row][vc_row][vc_column centered_cont=&#8221;true&#8221;][vc_separator color=&#8221;custom&#8221; border_width=&#8221;2&#8243; el_width=&#8221;90&#8243; accent_color=&#8221;#bababa&#8221; css=&#8221;.vc_custom_1564090902792{margin-top: 30px !important;margin-bottom: 30px !important;}&#8221;][\/vc_column][\/vc_row][vc_row][vc_column width=&#8221;1\/4&#8243;][vc_gallery type=&#8221;image_grid&#8221; images=&#8221;3218&#8243; img_size=&#8221;250&#215;250&#8243; onclick=&#8221;&#8221;][\/vc_column][vc_column width=&#8221;3\/4&#8243;][vc_column_text]<\/p>\n<h1><\/h1>\n<h1 style=\"text-align: left;\"><strong>PRODUITS<\/strong><\/h1>\n<p style=\"text-align: left;\">Nous proposons bien plus que des nettoyants pour vitres et multi-surfaces ! Des d\u00e9sodorisants et de l&#8217;entretien des tapis aux sols et aux toilettes, nous couvrons tous vos besoins en mati\u00e8re de nettoyage, d&#8217;hygi\u00e8ne et d&#8217;assainissement.<\/p>\n<p>[\/vc_column_text][button title=&#8221;EN SAVOIR PLUS&#8221; link=&#8221;http:\/\/greenlabscs.com\/fr\/produits\/&#8221; icon=&#8221;steadysets-icon-arrow-right&#8221;][\/vc_column][\/vc_row][vc_row][vc_column][separator width=&#8221;900&#8243; height=&#8221;300&#8243; position=&#8221;center&#8221; color=&#8221;#ffffff&#8221;][\/vc_column][\/vc_row][vc_row][vc_column width=&#8221;1\/4&#8243;][vc_gallery type=&#8221;image_grid&#8221; images=&#8221;3219&#8243; img_size=&#8221;250&#215;250&#8243; onclick=&#8221;&#8221;][\/vc_column][vc_column width=&#8221;3\/4&#8243;][vc_column_text]<\/p>\n<h1><\/h1>\n<h1 style=\"text-align: left;\"><strong>FORMULATIONS PERSONNALIS\u00c9ES<\/strong><\/h1>\n<p style=\"text-align: left;\">Des comp\u00e9tences internes compl\u00e8tes en mati\u00e8re de recherche, de d\u00e9veloppement, d&#8217;essai et de prototypage nous permettent de formuler des produits r\u00e9pondant \u00e0 vos sp\u00e9cifications pr\u00e9cises dans des d\u00e9lais rapides.<\/p>\n<p>[\/vc_column_text][button title=&#8221;EN SAVOIR PLUS&#8221; link=&#8221;https:\/\/greenlabscs.com\/fr\/formulations-sur-mesure\/&#8221; icon=&#8221;steadysets-icon-arrow-right&#8221;][\/vc_column][\/vc_row][vc_row][vc_column][separator width=&#8221;900&#8243; height=&#8221;300&#8243; position=&#8221;center&#8221; color=&#8221;#ffffff&#8221;][\/vc_column][\/vc_row][vc_row][vc_column width=&#8221;1\/4&#8243;][vc_gallery type=&#8221;image_grid&#8221; images=&#8221;3217&#8243; img_size=&#8221;250&#215;250&#8243; onclick=&#8221;&#8221;][\/vc_column][vc_column width=&#8221;3\/4&#8243;][vc_column_text]<\/p>\n<h1 style=\"text-align: left;\"><strong>PROGRAMMES DE MARQUES PRIV\u00c9ES<\/strong><\/h1>\n<p style=\"text-align: left;\">Que vous choisissiez parmi notre vaste inventaire de produits pr\u00eats \u00e0 \u00eatre commercialis\u00e9s ou que vous profitiez de nos services de d\u00e9veloppement de produits personnalis\u00e9s, les capacit\u00e9s de notre programme cl\u00e9 en main r\u00e9duiront consid\u00e9rablement votre d\u00e9lai de commercialisation et augmenteront grandement votre retour sur investissement.<\/p>\n<p>[\/vc_column_text][button title=&#8221;EN SAVOIR PLUS&#8221; link=&#8221;https:\/\/greenlabscs.com\/fr\/programme-de-marques-privees\/&#8221; icon=&#8221;steadysets-icon-arrow-right&#8221;][\/vc_column][\/vc_row][vc_row disable_element=&#8221;yes&#8221;][vc_column][separator width=&#8221;900&#8243; height=&#8221;60&#8243; position=&#8221;center&#8221; color=&#8221;#ffffff&#8221;][\/vc_column][\/vc_row][vc_row disable_element=&#8221;yes&#8221;][vc_column][separator width=&#8221;500px&#8221; height=&#8221;2px&#8221; position=&#8221;center&#8221; color=&#8221;#bababa&#8221;][\/vc_column][\/vc_row][vc_row disable_element=&#8221;yes&#8221;][vc_column][separator width=&#8221;900&#8243; height=&#8221;60&#8243; color=&#8221;#ffffff&#8221;][\/vc_column][\/vc_row][vc_row disable_element=&#8221;yes&#8221;][vc_column][vc_column_text]<\/p>\n<h1 style=\"text-align: center;\">Pr\u00eat \u00e0 renforcer votre marque ?<\/h1>\n<p>[\/vc_column_text][button title=&#8221;LET&#8217;S TALK&#8221; link=&#8221;http:\/\/greenlabscs.com\/contact-us\/&#8221; icon=&#8221;steadysets-icon-envelope&#8221; align=&#8221;center&#8221;][\/vc_column][\/vc_row][vc_row type=&#8221;full_width_background&#8221; bg_color=&#8221;#004f9e&#8221; text_color=&#8221;light&#8221; top_padding=&#8221;30&#8243; bottom_padding=&#8221;30&#8243;][vc_column][textbar title=&#8221;Pr\u00eat \u00e0 renforcer votre marque ?&#8221; button_title=&#8221;Contactez-nous&#8221; button_link=&#8221;https:\/\/greenlabscs.com\/fr\/contactez-nous\/&#8221; icon=&#8221;steadysets-icon-envelope&#8221;][\/vc_column][\/vc_row]<\/p>\n","protected":false},"excerpt":{"rendered":"<p>[vc_row][vc_column][separator width=&#8221;900&#8243; height=&#8221;60&#8243; position=&#8221;center&#8221; color=&#8221;#ffffff&#8221;][\/vc_column][\/vc_row][vc_row type=&#8221;full_width_background&#8221; bg_color=&#8221;#ffffff&#8221; el_id=&#8221;icon-row1&#8243;][vc_column width=&#8221;1\/4&#8243;][vc_column_text] INDUSTRIEL Des solutions efficaces pour des t\u00e2ches difficiles. [\/vc_column_text][\/vc_column][vc_column width=&#8221;1\/4&#8243;][vc_column_text] SERVICES DE SANT\u00c9 Prenez une longueur d&#8217;avance sur les germes. [\/vc_column_text][\/vc_column][vc_column width=&#8221;1\/4&#8243;][vc_column_text] HOSPITALIT\u00c9 Offrez \u00e0 vos clients une exp\u00e9rience 5 \u00e9toiles ultime. [\/vc_column_text][\/vc_column][vc_column width=&#8221;1\/4&#8243;][vc_column_text] D\u00c9TAIL Dynamisez votre entreprise et votre nettoyage. [\/vc_column_text][\/vc_column][\/vc_row][vc_row el_id=&#8221;center-text-blocks&#8221;][vc_column width=&#8221;1\/4&#8243;][vc_column_text] \u00c9DUCATION Relevez [&hellip;]<\/p>\n","protected":false},"author":15,"featured_media":0,"parent":0,"menu_order":95,"comment_status":"open","ping_status":"closed","template":"","meta":{"footnotes":""},"class_list":["post-3666","page","type-page","status-publish","hentry"],"_links":{"self":[{"href":"https:\/\/greenlabscs.com\/fr\/wp-json\/wp\/v2\/pages\/3666","targetHints":{"allow":["GET"]}}],"collection":[{"href":"https:\/\/greenlabscs.com\/fr\/wp-json\/wp\/v2\/pages"}],"about":[{"href":"https:\/\/greenlabscs.com\/fr\/wp-json\/wp\/v2\/types\/page"}],"author":[{"embeddable":true,"href":"https:\/\/greenlabscs.com\/fr\/wp-json\/wp\/v2\/users\/15"}],"replies":[{"embeddable":true,"href":"https:\/\/greenlabscs.com\/fr\/wp-json\/wp\/v2\/comments?post=3666"}],"version-history":[{"count":0,"href":"https:\/\/greenlabscs.com\/fr\/wp-json\/wp\/v2\/pages\/3666\/revisions"}],"wp:attachment":[{"href":"https:\/\/greenlabscs.com\/fr\/wp-json\/wp\/v2\/media?parent=3666"}],"curies":[{"name":"wp","href":"https:\/\/api.w.org\/{rel}","templated":true}]}}