{"id":4439,"date":"2018-06-25T21:28:02","date_gmt":"2018-06-26T01:28:02","guid":{"rendered":"https:\/\/greenlabscs.com\/industries\/industriel\/"},"modified":"2022-08-03T10:59:02","modified_gmt":"2022-08-03T14:59:02","slug":"industriel","status":"publish","type":"page","link":"https:\/\/greenlabscs.com\/fr\/industries\/industriel\/","title":{"rendered":"Industriel"},"content":{"rendered":"<p>[vc_row class=&#8221;padcontent&#8221;][vc_column][vc_custom_heading source=&#8221;post_title&#8221; font_container=&#8221;tag:h1|font_size:36px|text_align:left|line_height:36px&#8221; css=&#8221;.vc_custom_1530021915416{margin-bottom: 15px !important;}&#8221;][vc_column_text]Les industries peuvent pr\u00e9senter de nombreux d\u00e9fis en mati\u00e8re de nettoyage, mais la gamme de produits de nettoyage industriel de GreenLABS peut vous aider \u00e0 faire face \u00e0 tout. Qu&#8217;il s&#8217;agisse d&#8217;une utilisation dans des postes de lavage industriels, des laveurs de pi\u00e8ces \u00e0 solvants ou du processus de traitement de l&#8217;eau, nous avons tout ce qu&#8217;il faut ![\/vc_column_text][\/vc_column][\/vc_row][vc_row bg_color=&#8221;#004f9e&#8221; class=&#8221;padcontent&#8221;][vc_column el_class=&#8221;with_padding&#8221;][vc_column_text css=&#8221;.vc_custom_1532363078168{margin-bottom: 0px !important;padding-bottom: 0px !important;}&#8221;]<\/p>\n<h2 style=\"text-align: center;\"><span style=\"color: #ffffff;\"><strong>Solutions d&#8217;entretien industriel<\/strong><\/span><\/h2>\n<p>[\/vc_column_text][vc_row_inner css=&#8221;.vc_custom_1532362785391{padding-top: 20px !important;padding-bottom: 20px !important;}&#8221;][vc_column_inner width=&#8221;1\/3&#8243; css=&#8221;.vc_custom_1532362934243{padding-right: 20px !important;padding-left: 20px !important;}&#8221;][vc_column_text]<\/p>\n<p style=\"text-align: left;\"><i class=\"moon-checkmark\" style=\"color: #22bad8;\"><\/i> <span style=\"color: #ffffff;\">Maintenance<\/span><\/p>\n<p>[\/vc_column_text][\/vc_column_inner][vc_column_inner width=&#8221;1\/3&#8243; css=&#8221;.vc_custom_1532362946841{padding-right: 20px !important;padding-left: 20px !important;}&#8221;][vc_column_text]<\/p>\n<p style=\"text-align: left;\"><i class=\"moon-checkmark\" style=\"color: #22bad8;\"><\/i> <span style=\"color: #ffffff;\">Sp\u00e9cialit\u00e9<\/span><\/p>\n<p>[\/vc_column_text][\/vc_column_inner][vc_column_inner width=&#8221;1\/3&#8243; css=&#8221;.vc_custom_1532362959696{padding-right: 20px !important;padding-left: 20px !important;}&#8221;][vc_column_text]<\/p>\n<p style=\"text-align: left;\"><i class=\"moon-checkmark\" style=\"color: #22bad8;\"><\/i> <span style=\"color: #ffffff;\">Entretien des planchers<\/span><\/p>\n<p>[\/vc_column_text][\/vc_column_inner][\/vc_row_inner][vc_row_inner][vc_column_inner width=&#8221;1\/3&#8243; css=&#8221;.vc_custom_1532362982258{padding-right: 20px !important;padding-left: 20px !important;}&#8221;][vc_column_text]<\/p>\n<p style=\"text-align: left;\"><i class=\"moon-checkmark\" style=\"color: #22bad8;\"><\/i> <span style=\"color: #ffffff;\">D\u00e9sinfectants<\/span><\/p>\n<p>[\/vc_column_text][\/vc_column_inner][vc_column_inner width=&#8221;1\/3&#8243; css=&#8221;.vc_custom_1532362993655{padding-right: 20px !important;padding-left: 20px !important;}&#8221;][vc_column_text]<\/p>\n<p style=\"text-align: left;\"><i class=\"moon-checkmark\" style=\"color: #22bad8;\"><\/i> <span style=\"color: #ffffff;\">Salles de bain<\/span><\/p>\n<p>[\/vc_column_text][\/vc_column_inner][vc_column_inner width=&#8221;1\/3&#8243; css=&#8221;.vc_custom_1532363007478{padding-right: 20px !important;padding-left: 20px !important;}&#8221;][vc_column_text]<\/p>\n<p style=\"text-align: left;\"><i class=\"moon-checkmark\" style=\"color: #22bad8;\"><\/i> <span style=\"color: #ffffff;\">D\u00e9graissants<\/span><\/p>\n<p>[\/vc_column_text][\/vc_column_inner][\/vc_row_inner][\/vc_column][\/vc_row][vc_row class=&#8221;padcontent industries-media-grid&#8221;][vc_column width=&#8221;1\/3&#8243;][vc_gallery interval=&#8221;3&#8243; images=&#8221;2683&#8243; img_size=&#8221;full&#8221; onclick=&#8221;&#8221;][\/vc_column][vc_column width=&#8221;1\/3&#8243;][vc_gallery interval=&#8221;3&#8243; images=&#8221;2677&#8243; img_size=&#8221;full&#8221; onclick=&#8221;&#8221;][\/vc_column][vc_column width=&#8221;1\/3&#8243;][vc_gallery interval=&#8221;3&#8243; images=&#8221;2668&#8243; img_size=&#8221;full&#8221; onclick=&#8221;&#8221;][\/vc_column][\/vc_row][vc_row type=&#8221;full_width_background&#8221; bg_color=&#8221;#a5a7aa&#8221; text_color=&#8221;light&#8221; top_padding=&#8221;30&#8243; bottom_padding=&#8221;30&#8243; class=&#8221;contact-form-row&#8221;][vc_column][vc_column_text]<\/p>\n<h3 style=\"margin-bottom: 15px; color: #ffffff;\">Pour plus d&#8217;informations, contactez-nous<\/h3>\n<div class=\"wpcf7 no-js\" id=\"wpcf7-f4503-o1\" lang=\"fr-FR\" dir=\"ltr\" data-wpcf7-id=\"4503\">\n<div class=\"screen-reader-response\"><p role=\"status\" aria-live=\"polite\" aria-atomic=\"true\"><\/p> <ul><\/ul><\/div>\n<form action=\"\/fr\/wp-json\/wp\/v2\/pages\/4439#wpcf7-f4503-o1\" method=\"post\" class=\"wpcf7-form init\" aria-label=\"Formulaire de contact\" novalidate=\"novalidate\" data-status=\"init\">\n<div style=\"display: none;\">\n<input type=\"hidden\" name=\"_wpcf7\" value=\"4503\" \/>\n<input type=\"hidden\" name=\"_wpcf7_version\" value=\"6.0.6\" \/>\n<input type=\"hidden\" name=\"_wpcf7_locale\" value=\"fr_FR\" \/>\n<input type=\"hidden\" name=\"_wpcf7_unit_tag\" value=\"wpcf7-f4503-o1\" \/>\n<input type=\"hidden\" name=\"_wpcf7_container_post\" value=\"0\" \/>\n<input type=\"hidden\" name=\"_wpcf7_posted_data_hash\" value=\"\" \/>\n<input type=\"hidden\" name=\"_wpcf7cf_hidden_group_fields\" value=\"[]\" \/>\n<input type=\"hidden\" name=\"_wpcf7cf_hidden_groups\" value=\"[]\" \/>\n<input type=\"hidden\" name=\"_wpcf7cf_visible_groups\" value=\"[]\" \/>\n<input type=\"hidden\" name=\"_wpcf7cf_repeaters\" value=\"[]\" \/>\n<input type=\"hidden\" name=\"_wpcf7cf_steps\" value=\"{}\" \/>\n<input type=\"hidden\" name=\"_wpcf7cf_options\" value=\"{&quot;form_id&quot;:4503,&quot;conditions&quot;:[],&quot;settings&quot;:{&quot;animation&quot;:&quot;yes&quot;,&quot;animation_intime&quot;:200,&quot;animation_outtime&quot;:200,&quot;conditions_ui&quot;:&quot;normal&quot;,&quot;notice_dismissed&quot;:false}}\" \/>\n<\/div>\n<p><label> Nom (obligatoire)<br \/>\n<span class=\"wpcf7-form-control-wrap\" data-name=\"your-name\"><input size=\"40\" maxlength=\"400\" class=\"wpcf7-form-control wpcf7-text wpcf7-validates-as-required\" aria-required=\"true\" aria-invalid=\"false\" value=\"\" type=\"text\" name=\"your-name\" \/><\/span> <\/label>\n<\/p>\n<p><label> Compagnie (obligatoire)<br \/>\n<span class=\"wpcf7-form-control-wrap\" data-name=\"your-company\"><input size=\"40\" maxlength=\"400\" class=\"wpcf7-form-control wpcf7-text wpcf7-validates-as-required\" aria-required=\"true\" aria-invalid=\"false\" value=\"\" type=\"text\" name=\"your-company\" \/><\/span> <\/label>\n<\/p>\n<p><label> T\u00e9l\u00e9phone<br \/>\n<span class=\"wpcf7-form-control-wrap\" data-name=\"your-phone\"><input size=\"40\" maxlength=\"400\" class=\"wpcf7-form-control wpcf7-tel wpcf7-text wpcf7-validates-as-tel\" aria-invalid=\"false\" value=\"\" type=\"tel\" name=\"your-phone\" \/><\/span> <\/label>\n<\/p>\n<p><label>Courriel (obligatoire)<br \/>\n<span class=\"wpcf7-form-control-wrap\" data-name=\"your-email\"><input size=\"40\" maxlength=\"400\" class=\"wpcf7-form-control wpcf7-email wpcf7-validates-as-required wpcf7-text wpcf7-validates-as-email\" aria-required=\"true\" aria-invalid=\"false\" value=\"\" type=\"email\" name=\"your-email\" \/><\/span> <\/label>\n<\/p>\n<p><label> Message<br \/>\n<span class=\"wpcf7-form-control-wrap\" data-name=\"your-message\"><textarea cols=\"40\" rows=\"10\" maxlength=\"2000\" class=\"wpcf7-form-control wpcf7-textarea\" aria-invalid=\"false\" name=\"your-message\"><\/textarea><\/span> <\/label>\n<\/p>\n<p><input class=\"wpcf7-form-control wpcf7-submit has-spinner\" type=\"submit\" value=\"Envoyer\" \/>\n<\/p><div class=\"wpcf7-response-output\" aria-hidden=\"true\"><\/div>\n<\/form>\n<\/div>\n[\/vc_column_text][\/vc_column][\/vc_row]<\/p>\n","protected":false},"excerpt":{"rendered":"<p>[vc_row class=&#8221;padcontent&#8221;][vc_column][vc_custom_heading source=&#8221;post_title&#8221; font_container=&#8221;tag:h1|font_size:36px|text_align:left|line_height:36px&#8221; css=&#8221;.vc_custom_1530021915416{margin-bottom: 15px !important;}&#8221;][vc_column_text]Les industries peuvent pr\u00e9senter de nombreux d\u00e9fis en mati\u00e8re de nettoyage, mais la gamme de produits de nettoyage industriel de GreenLABS peut vous aider \u00e0 faire face \u00e0 tout. Qu&#8217;il s&#8217;agisse d&#8217;une utilisation dans des postes de lavage industriels, des laveurs de pi\u00e8ces \u00e0 solvants ou du processus de [&hellip;]<\/p>\n","protected":false},"author":16,"featured_media":0,"parent":4433,"menu_order":0,"comment_status":"closed","ping_status":"closed","template":"","meta":{"footnotes":""},"class_list":["post-4439","page","type-page","status-publish","hentry"],"_links":{"self":[{"href":"https:\/\/greenlabscs.com\/fr\/wp-json\/wp\/v2\/pages\/4439","targetHints":{"allow":["GET"]}}],"collection":[{"href":"https:\/\/greenlabscs.com\/fr\/wp-json\/wp\/v2\/pages"}],"about":[{"href":"https:\/\/greenlabscs.com\/fr\/wp-json\/wp\/v2\/types\/page"}],"author":[{"embeddable":true,"href":"https:\/\/greenlabscs.com\/fr\/wp-json\/wp\/v2\/users\/16"}],"replies":[{"embeddable":true,"href":"https:\/\/greenlabscs.com\/fr\/wp-json\/wp\/v2\/comments?post=4439"}],"version-history":[{"count":0,"href":"https:\/\/greenlabscs.com\/fr\/wp-json\/wp\/v2\/pages\/4439\/revisions"}],"up":[{"embeddable":true,"href":"https:\/\/greenlabscs.com\/fr\/wp-json\/wp\/v2\/pages\/4433"}],"wp:attachment":[{"href":"https:\/\/greenlabscs.com\/fr\/wp-json\/wp\/v2\/media?parent=4439"}],"curies":[{"name":"wp","href":"https:\/\/api.w.org\/{rel}","templated":true}]}}