{"id":4442,"date":"2018-06-26T23:30:09","date_gmt":"2018-06-27T03:30:09","guid":{"rendered":"https:\/\/greenlabscs.com\/formulations-sur-mesure\/"},"modified":"2022-08-03T11:00:26","modified_gmt":"2022-08-03T15:00:26","slug":"formulations-sur-mesure","status":"publish","type":"page","link":"https:\/\/greenlabscs.com\/fr\/formulations-sur-mesure\/","title":{"rendered":"Formulations sur mesure"},"content":{"rendered":"<p>[vc_row class=&#8221;padcontent&#8221;][vc_column][vc_column_text]<\/p>\n<h2 style=\"text-align: center; margin-bottom: 30px;\">L&#8217;approche GreenLABS pour le nettoyage :<\/h2>\n<p><img loading=\"lazy\" decoding=\"async\" class=\"aligncenter wp-image-4501 size-full\" style=\"max-width: 800px; width: 100%; height: auto;\" src=\"\/wp-content\/uploads\/\/2022\/08\/Monopods-custom-formulations-chart-2.png\" alt=\"\" width=\"1920\" height=\"474\" srcset=\"\/wp-content\/uploads\/2022\/08\/Monopods-custom-formulations-chart-2.png 1920w, \/wp-content\/uploads\/2022\/08\/Monopods-custom-formulations-chart-2-300x74.png 300w, \/wp-content\/uploads\/2022\/08\/Monopods-custom-formulations-chart-2-1024x253.png 1024w, \/wp-content\/uploads\/2022\/08\/Monopods-custom-formulations-chart-2-1536x379.png 1536w\" sizes=\"auto, (max-width: 1920px) 100vw, 1920px\" \/>[\/vc_column_text][vc_separator color=&#8221;custom&#8221; border_width=&#8221;4&#8243; el_width=&#8221;80&#8243; accent_color=&#8221;#222222&#8243; css=&#8221;.vc_custom_1564094170591{margin-top: 0px !important;margin-bottom: 30px !important;}&#8221;][vc_row_inner][vc_column_inner][vc_column_text]Quel que soit votre secteur d&#8217;activit\u00e9, GreenLABS comprend les d\u00e9fis de nettoyage en constante \u00e9volution auxquels vous devez faire face. Fiers de fournir des solutions de la plus haute qualit\u00e9, nous repoussons sans cesse les limites de l&#8217;innovation. C&#8217;est pourquoi nous proposons une vaste biblioth\u00e8que de formules innovantes et personnalis\u00e9es pour chaque besoin de nettoyage.<\/p>\n<p>Que vous souhaitiez utiliser notre formule existante ou d\u00e9velopper une nouvelle formule personnalis\u00e9e pour r\u00e9pondre \u00e0 vos besoins, GreenLABS peut tout faire. Parce que nous disposons des ressources (usine de fabrication agr\u00e9\u00e9e par la FDA, laboratoire d&#8217;essai interne et partenariats avec des fournisseurs de mati\u00e8res premi\u00e8res) et de l&#8217;\u00e9quipe n\u00e9cessaires pour trouver la solution que vous recherchez.<\/p>\n<p>GreenLABS est \u00e9galement profond\u00e9ment engag\u00e9 dans la gestion de l&#8217;environnement afin de r\u00e9pondre au besoin croissant d&#8217;un environnement propre et vert. Nos certifications conformes aux normes de l&#8217;industrie garantissent que votre entreprise b\u00e9n\u00e9ficie des formulations les plus efficaces pour le nettoyage \u00e9cologique et ayant le moins d&#8217;impact sur l&#8217;environnement.[\/vc_column_text][\/vc_column_inner][\/vc_row_inner][\/vc_column][\/vc_row][vc_row bg_color=&#8221;#004f9e&#8221; class=&#8221;padcontent&#8221;][vc_column el_class=&#8221;with_padding&#8221;][vc_column_text css=&#8221;.vc_custom_1533148367652{margin-bottom: 0px !important;padding-bottom: 0px !important;}&#8221;]<\/p>\n<h2 style=\"text-align: center;\"><span style=\"color: #ffffff;\"><strong>Les secteurs d&#8217;activit\u00e9 incluent :<\/strong><\/span><\/h2>\n<p>[\/vc_column_text][vc_row_inner css=&#8221;.vc_custom_1532362785391{padding-top: 20px !important;padding-bottom: 20px !important;}&#8221;][vc_column_inner width=&#8221;1\/4&#8243; css=&#8221;.vc_custom_1532362934243{padding-right: 20px !important;padding-left: 20px !important;}&#8221;][vc_column_text]<\/p>\n<p style=\"text-align: left;\"><i class=\"moon-checkmark\" style=\"color: #22bad8;\"><\/i> <span style=\"color: #ffffff;\">Industriel<\/span><\/p>\n<p>[\/vc_column_text][\/vc_column_inner][vc_column_inner width=&#8221;1\/4&#8243; css=&#8221;.vc_custom_1532362946841{padding-right: 20px !important;padding-left: 20px !important;}&#8221;][vc_column_text]<\/p>\n<p style=\"text-align: left;\"><i class=\"moon-checkmark\" style=\"color: #22bad8;\"><\/i> <span style=\"color: #ffffff;\">Soins de sant\u00e9<\/span><\/p>\n<p>[\/vc_column_text][\/vc_column_inner][vc_column_inner width=&#8221;1\/4&#8243; css=&#8221;.vc_custom_1532362959696{padding-right: 20px !important;padding-left: 20px !important;}&#8221;][vc_column_text]<\/p>\n<p style=\"text-align: left;\"><i class=\"moon-checkmark\" style=\"color: #22bad8;\"><\/i> <span style=\"color: #ffffff;\">H\u00f4tellerie<\/span><\/p>\n<p>[\/vc_column_text][\/vc_column_inner][vc_column_inner width=&#8221;1\/4&#8243;][vc_column_text]<\/p>\n<p style=\"text-align: left;\"><i class=\"moon-checkmark\" style=\"color: #22bad8;\"><\/i> <span style=\"color: #ffffff;\">D\u00e9tail<\/span><\/p>\n<p>[\/vc_column_text][\/vc_column_inner][\/vc_row_inner][vc_row_inner][vc_column_inner width=&#8221;1\/4&#8243; css=&#8221;.vc_custom_1532362982258{padding-right: 20px !important;padding-left: 20px !important;}&#8221;][vc_column_text]<\/p>\n<p style=\"text-align: left;\"><i class=\"moon-checkmark\" style=\"color: #22bad8;\"><\/i> <span style=\"color: #ffffff;\">\u00c9cole<\/span><\/p>\n<p>[\/vc_column_text][\/vc_column_inner][vc_column_inner width=&#8221;1\/4&#8243; css=&#8221;.vc_custom_1532362993655{padding-right: 20px !important;padding-left: 20px !important;}&#8221;][vc_column_text]<\/p>\n<p style=\"text-align: left;\"><i class=\"moon-checkmark\" style=\"color: #22bad8;\"><\/i> <span style=\"color: #ffffff;\">Industrie alimentaire<\/span><\/p>\n<p>[\/vc_column_text][\/vc_column_inner][vc_column_inner width=&#8221;1\/4&#8243; css=&#8221;.vc_custom_1532363007478{padding-right: 20px !important;padding-left: 20px !important;}&#8221;][vc_column_text]<\/p>\n<p style=\"text-align: left;\"><i class=\"moon-checkmark\" style=\"color: #22bad8;\"><\/i> <span style=\"color: #ffffff;\">Commercial<\/span><\/p>\n<p>[\/vc_column_text][\/vc_column_inner][vc_column_inner width=&#8221;1\/4&#8243;][\/vc_column_inner][\/vc_row_inner][\/vc_column][\/vc_row][vc_row disable_element=&#8221;yes&#8221;][vc_column][vc_gallery type=&#8221;image_grid&#8221; images=&#8221;2076&#8243; img_size=&#8221;1497 \u00d7 720&#8243; onclick=&#8221;&#8221;][\/vc_column][\/vc_row][vc_row disable_element=&#8221;yes&#8221;][vc_column][block_title inner_style_title=&#8221;only_text&#8221; padding_desc=&#8221;0%&#8221; title=&#8221;QUI EST GREENLABS?&#8221; description=&#8221;Codeless has been quietly but consistently building a powerhouse portfolio of web site design and marketing success. We have cheerfully and expertly designed, developed, strategized and implemented web marketing programs and wordpress sites for small and large medical clients, non-profit foundations, design agencies, real estate groups and small service clients.&#8221;][\/block_title][\/vc_column][\/vc_row][vc_row disable_element=&#8221;yes&#8221;][vc_column width=&#8221;1\/3&#8243;][services_small title=&#8221;Plus de 100 formulations personnalis\u00e9es&#8221; icon=&#8221;steadysets-icon-lab&#8221; dynamic_content_type=&#8221;content&#8221; dynamic_content_content=&#8221;Showcasing your projects is easy with Specular. Use Masonry, Grid, Fullwidth or Boxed Layout and all of them with 3 styles and 2-5 columns&#8221;][\/services_small][\/vc_column][vc_column width=&#8221;1\/3&#8243;][services_small title=&#8221;Produits \u00e9co-responsables.&#8221; icon=&#8221;moon-leaf-2&#8243; dynamic_content_type=&#8221;content&#8221; dynamic_content_content=&#8221;We have created a dedicated team only for the support and updates. 4 members work every day to ensure you that everything works fine.&#8221;][\/services_small][\/vc_column][vc_column width=&#8221;1\/3&#8243;][services_small title=&#8221;\u00c9quipe de soutien d\u00e9di\u00e9e&#8221; icon=&#8221;linecon-icon-user&#8221; dynamic_content_type=&#8221;content&#8221; dynamic_content_content=&#8221;We have created a dedicated team only for the support and updates. 4 members work every day to ensure you that everything works fine.&#8221;][\/services_small][\/vc_column][\/vc_row][vc_row type=&#8221;full_width_background&#8221; bg_color=&#8221;#f5f5f5&#8243; disable_element=&#8221;yes&#8221;][vc_column][block_title style=&#8221;column_title&#8221; title=&#8221;Your Partner in Making Sustainable Healthy Environments&#8221; second_title=&#8221;Manufacturing White Label Cleaning Solutions for Leading Brand Owners.&#8221;][\/block_title][vc_column_text]I am text block. Click edit button to change this text. Lorem ipsum dolor sit amet, consectetur adipiscing elit.<br \/>\nUt elit tellus, luctus nec ullamcorper mattis, pulvinar dapibus leo.[\/vc_column_text][vc_media_grid grid_id=&#8221;vc_gid:1659537614842-ae93f3d761fc3f3979fd8e9ab160169f-6&#8243; include=&#8221;2097,2098,2099&#8243;][\/vc_column][\/vc_row][vc_row type=&#8221;full_width_background&#8221; bg_image=&#8221;959&#8243; parallax_bg=&#8221;true&#8221; overlay=&#8221;true&#8221; overlay_color=&#8221;#000000&#8243; text_color=&#8221;light&#8221; top_padding=&#8221;80&#8243; bottom_padding=&#8221;80&#8243; disable_element=&#8221;yes&#8221;][vc_column width=&#8221;1\/4&#8243;][counter text=&#8221;Produits manufactur\u00e9s&#8221; icon=&#8221;moon-checkmark&#8221; number=&#8221;7,126,157&#8243;][\/vc_column][vc_column width=&#8221;1\/4&#8243;][counter text=&#8221;Litres de production par jour&#8221; icon=&#8221;moon-droplet&#8221; number=&#8221;6782&#8243;][\/vc_column][vc_column width=&#8221;1\/4&#8243;][counter text=&#8221;Produits exp\u00e9di\u00e9s&#8221; icon=&#8221;linecon-icon-truck&#8221; number=&#8221;8,782,932&#8243;][\/vc_column][vc_column width=&#8221;1\/4&#8243;][counter text=&#8221;Utilisateurs actifs&#8221; icon=&#8221;linecon-icon-shop&#8221; number=&#8221;4586&#8243;][\/vc_column][\/vc_row][vc_row disable_element=&#8221;yes&#8221;][vc_column][block_title inner_style_title=&#8221;only_text&#8221; title=&#8221;Notre direction&#8221;][\/block_title][\/vc_column][\/vc_row][vc_row disable_element=&#8221;yes&#8221;][vc_column width=&#8221;1\/2&#8243;][single_testimonial testimon=&#8221;268&#8243;][\/vc_column][vc_column width=&#8221;1\/2&#8243;][single_testimonial testimon=&#8221;269&#8243;][\/vc_column][\/vc_row][vc_row type=&#8221;full_width_background&#8221; bg_color=&#8221;#a5a7aa&#8221; text_color=&#8221;light&#8221; top_padding=&#8221;30&#8243; bottom_padding=&#8221;30&#8243; class=&#8221;contact-form-row&#8221;][vc_column][vc_column_text]<\/p>\n<h3 style=\"margin-bottom: 15px; color: #ffffff;\">Pour plus d&#8217;informations, contactez-nous<\/h3>\n<div class=\"wpcf7 no-js\" id=\"wpcf7-f4503-o1\" lang=\"fr-FR\" dir=\"ltr\" data-wpcf7-id=\"4503\">\n<div class=\"screen-reader-response\"><p role=\"status\" aria-live=\"polite\" aria-atomic=\"true\"><\/p> <ul><\/ul><\/div>\n<form action=\"\/fr\/wp-json\/wp\/v2\/pages\/4442#wpcf7-f4503-o1\" method=\"post\" class=\"wpcf7-form init\" aria-label=\"Formulaire de contact\" novalidate=\"novalidate\" data-status=\"init\">\n<div style=\"display: none;\">\n<input type=\"hidden\" name=\"_wpcf7\" value=\"4503\" \/>\n<input type=\"hidden\" name=\"_wpcf7_version\" value=\"6.0.6\" \/>\n<input type=\"hidden\" name=\"_wpcf7_locale\" value=\"fr_FR\" \/>\n<input type=\"hidden\" name=\"_wpcf7_unit_tag\" value=\"wpcf7-f4503-o1\" \/>\n<input type=\"hidden\" name=\"_wpcf7_container_post\" value=\"0\" \/>\n<input type=\"hidden\" name=\"_wpcf7_posted_data_hash\" value=\"\" \/>\n<input type=\"hidden\" name=\"_wpcf7cf_hidden_group_fields\" value=\"[]\" \/>\n<input type=\"hidden\" name=\"_wpcf7cf_hidden_groups\" value=\"[]\" \/>\n<input type=\"hidden\" name=\"_wpcf7cf_visible_groups\" value=\"[]\" \/>\n<input type=\"hidden\" name=\"_wpcf7cf_repeaters\" value=\"[]\" \/>\n<input type=\"hidden\" name=\"_wpcf7cf_steps\" value=\"{}\" \/>\n<input type=\"hidden\" name=\"_wpcf7cf_options\" value=\"{&quot;form_id&quot;:4503,&quot;conditions&quot;:[],&quot;settings&quot;:{&quot;animation&quot;:&quot;yes&quot;,&quot;animation_intime&quot;:200,&quot;animation_outtime&quot;:200,&quot;conditions_ui&quot;:&quot;normal&quot;,&quot;notice_dismissed&quot;:false}}\" \/>\n<\/div>\n<p><label> Nom (obligatoire)<br \/>\n<span class=\"wpcf7-form-control-wrap\" data-name=\"your-name\"><input size=\"40\" maxlength=\"400\" class=\"wpcf7-form-control wpcf7-text wpcf7-validates-as-required\" aria-required=\"true\" aria-invalid=\"false\" value=\"\" type=\"text\" name=\"your-name\" \/><\/span> <\/label>\n<\/p>\n<p><label> Compagnie (obligatoire)<br \/>\n<span class=\"wpcf7-form-control-wrap\" data-name=\"your-company\"><input size=\"40\" maxlength=\"400\" class=\"wpcf7-form-control wpcf7-text wpcf7-validates-as-required\" aria-required=\"true\" aria-invalid=\"false\" value=\"\" type=\"text\" name=\"your-company\" \/><\/span> <\/label>\n<\/p>\n<p><label> T\u00e9l\u00e9phone<br \/>\n<span class=\"wpcf7-form-control-wrap\" data-name=\"your-phone\"><input size=\"40\" maxlength=\"400\" class=\"wpcf7-form-control wpcf7-tel wpcf7-text wpcf7-validates-as-tel\" aria-invalid=\"false\" value=\"\" type=\"tel\" name=\"your-phone\" \/><\/span> <\/label>\n<\/p>\n<p><label>Courriel (obligatoire)<br \/>\n<span class=\"wpcf7-form-control-wrap\" data-name=\"your-email\"><input size=\"40\" maxlength=\"400\" class=\"wpcf7-form-control wpcf7-email wpcf7-validates-as-required wpcf7-text wpcf7-validates-as-email\" aria-required=\"true\" aria-invalid=\"false\" value=\"\" type=\"email\" name=\"your-email\" \/><\/span> <\/label>\n<\/p>\n<p><label> Message<br \/>\n<span class=\"wpcf7-form-control-wrap\" data-name=\"your-message\"><textarea cols=\"40\" rows=\"10\" maxlength=\"2000\" class=\"wpcf7-form-control wpcf7-textarea\" aria-invalid=\"false\" name=\"your-message\"><\/textarea><\/span> <\/label>\n<\/p>\n<p><input class=\"wpcf7-form-control wpcf7-submit has-spinner\" type=\"submit\" value=\"Envoyer\" \/>\n<\/p><div class=\"wpcf7-response-output\" aria-hidden=\"true\"><\/div>\n<\/form>\n<\/div>\n[\/vc_column_text][\/vc_column][\/vc_row]<\/p>\n","protected":false},"excerpt":{"rendered":"<p>[vc_row class=&#8221;padcontent&#8221;][vc_column][vc_column_text] L&#8217;approche GreenLABS pour le nettoyage : [\/vc_column_text][vc_separator color=&#8221;custom&#8221; border_width=&#8221;4&#8243; el_width=&#8221;80&#8243; accent_color=&#8221;#222222&#8243; css=&#8221;.vc_custom_1564094170591{margin-top: 0px !important;margin-bottom: 30px !important;}&#8221;][vc_row_inner][vc_column_inner][vc_column_text]Quel que soit votre secteur d&#8217;activit\u00e9, GreenLABS comprend les d\u00e9fis de nettoyage en constante \u00e9volution auxquels vous devez faire face. Fiers de fournir des solutions de la plus haute qualit\u00e9, nous repoussons sans cesse les limites de l&#8217;innovation. [&hellip;]<\/p>\n","protected":false},"author":16,"featured_media":0,"parent":0,"menu_order":37,"comment_status":"open","ping_status":"closed","template":"","meta":{"footnotes":""},"class_list":["post-4442","page","type-page","status-publish","hentry"],"_links":{"self":[{"href":"https:\/\/greenlabscs.com\/fr\/wp-json\/wp\/v2\/pages\/4442","targetHints":{"allow":["GET"]}}],"collection":[{"href":"https:\/\/greenlabscs.com\/fr\/wp-json\/wp\/v2\/pages"}],"about":[{"href":"https:\/\/greenlabscs.com\/fr\/wp-json\/wp\/v2\/types\/page"}],"author":[{"embeddable":true,"href":"https:\/\/greenlabscs.com\/fr\/wp-json\/wp\/v2\/users\/16"}],"replies":[{"embeddable":true,"href":"https:\/\/greenlabscs.com\/fr\/wp-json\/wp\/v2\/comments?post=4442"}],"version-history":[{"count":0,"href":"https:\/\/greenlabscs.com\/fr\/wp-json\/wp\/v2\/pages\/4442\/revisions"}],"wp:attachment":[{"href":"https:\/\/greenlabscs.com\/fr\/wp-json\/wp\/v2\/media?parent=4442"}],"curies":[{"name":"wp","href":"https:\/\/api.w.org\/{rel}","templated":true}]}}