{"id":4444,"date":"2018-06-25T21:12:03","date_gmt":"2018-06-26T01:12:03","guid":{"rendered":"https:\/\/greenlabscs.com\/produits\/"},"modified":"2022-08-03T11:01:21","modified_gmt":"2022-08-03T15:01:21","slug":"produits","status":"publish","type":"page","link":"https:\/\/greenlabscs.com\/fr\/produits\/","title":{"rendered":"Produits"},"content":{"rendered":"<p>[vc_row class=&#8221;padcontent&#8221;][vc_column][vc_custom_heading source=&#8221;post_title&#8221; font_container=&#8221;tag:h1|font_size:36px|text_align:left|line_height:36px&#8221; use_theme_fonts=&#8221;yes&#8221; css=&#8221;.vc_custom_1531423786114{margin-bottom: 15px !important;}&#8221;][vc_column_text]Lorsqu&#8217;il s&#8217;agit de maintenir des installations propres et conformes aux normes, un stock complet de solutions de nettoyage est essentiel. Une installation propre est une installation productive ! Qu&#8217;il s&#8217;agisse de nettoyer un d\u00e9g\u00e2t au bureau ou de garder les choses impeccables dans un entrep\u00f4t industriel, les bonnes solutions et les bons agents de nettoyage sont essentiels pour accomplir n&#8217;importe quel travail sale. C&#8217;est pourquoi, chez GreenLABS, nous fabriquons une large s\u00e9lection de nettoyants innovants aux performances accrues, de d\u00e9sinfectants, de syst\u00e8mes de distribution, d&#8217;accessoires \u00e0 valeur ajout\u00e9e et d&#8217;autres solutions de nettoyage essentielles pour tous les types d&#8217;entretien des installations. Utilisez les bons produits, et vous rendrez tous les travaux sales beaucoup plus propres.[\/vc_column_text][\/vc_column][\/vc_row][vc_row][vc_column width=&#8221;1\/3&#8243; column_padding=&#8221;20px&#8221;][vc_column_text]<\/p>\n<h2 style=\"text-align: center;\"><img loading=\"lazy\" decoding=\"async\" class=\"aligncenter size-full wp-image-2417\" style=\"max-width: 200px;\" src=\"http:\/\/greenlabscs.com\/wp-content\/uploads\/sites\/3\/2018\/07\/noun_Value_818035.png\" alt=\"Valeur ajout\u00e9e\" width=\"700\" height=\"700\" srcset=\"\/wp-content\/uploads\/2018\/07\/noun_Value_818035.png 700w, \/wp-content\/uploads\/2018\/07\/noun_Value_818035-150x150.png 150w, \/wp-content\/uploads\/2018\/07\/noun_Value_818035-300x300.png 300w, \/wp-content\/uploads\/2018\/07\/noun_Value_818035-250x250.png 250w, \/wp-content\/uploads\/2018\/07\/noun_Value_818035-600x600.png 600w, \/wp-content\/uploads\/2018\/07\/noun_Value_818035-350x350.png 350w\" sizes=\"auto, (max-width: 700px) 100vw, 700px\" \/>Valeur ajout\u00e9e<br \/>\nOptions<\/h2>\n<p style=\"text-align: center;\">Ne soyez jamais \u00e0 court de solutions de nettoyage avec des super concentr\u00e9s abordables qui durent longtemps. Les concentr\u00e9s n&#8217;occupent pas une place pr\u00e9cieuse dans l&#8217;armoire de nettoyage et permettent de contr\u00f4ler la dilution et la force.<\/p>\n<p>[\/vc_column_text][\/vc_column][vc_column width=&#8221;1\/3&#8243; column_padding=&#8221;20px&#8221;][vc_column_text]<\/p>\n<h2 style=\"text-align: center;\"><img loading=\"lazy\" decoding=\"async\" class=\"aligncenter size-full wp-image-2418\" style=\"max-width: 200px;\" src=\"http:\/\/greenlabscs.com\/wp-content\/uploads\/sites\/3\/2018\/07\/noun_drops_66012.png\" alt=\"Syst\u00e8mes de distribution de produits chimiques\" width=\"700\" height=\"700\" srcset=\"\/wp-content\/uploads\/2018\/07\/noun_drops_66012.png 700w, \/wp-content\/uploads\/2018\/07\/noun_drops_66012-150x150.png 150w, \/wp-content\/uploads\/2018\/07\/noun_drops_66012-300x300.png 300w, \/wp-content\/uploads\/2018\/07\/noun_drops_66012-250x250.png 250w, \/wp-content\/uploads\/2018\/07\/noun_drops_66012-600x600.png 600w, \/wp-content\/uploads\/2018\/07\/noun_drops_66012-350x350.png 350w\" sizes=\"auto, (max-width: 700px) 100vw, 700px\" \/>Syst\u00e8mes de distribution de produits chimiques<\/h2>\n<p style=\"text-align: center;\">Obtenez les performances maximales de vos solutions de nettoyage &#8211; et r\u00e9duisez les d\u00e9chets et les d\u00e9versements &#8211; gr\u00e2ce \u00e0 nos options de distribution et de m\u00e9lange de produits chimiques pr\u00e9cises et faciles \u00e0 utiliser &#8211; con\u00e7ues pour offrir un moyen simple et s\u00fbr d&#8217;utiliser et de stocker les produits chimiques de nettoyage Les syst\u00e8mes de distribution portables et les technologies d&#8217;application innovantes permettent d&#8217;accro\u00eetre les performances tout en r\u00e9duisant la charge de travail.<\/p>\n<p>[\/vc_column_text][\/vc_column][vc_column width=&#8221;1\/3&#8243; column_padding=&#8221;20px&#8221;][vc_column_text]<\/p>\n<h2 style=\"text-align: center;\"><img loading=\"lazy\" decoding=\"async\" class=\"aligncenter size-full wp-image-2419\" style=\"max-width: 200px;\" src=\"http:\/\/greenlabscs.com\/wp-content\/uploads\/sites\/3\/2018\/07\/noun_eco-friendly_602642.png\" alt=\"Eco responsable\" width=\"700\" height=\"700\" srcset=\"\/wp-content\/uploads\/2018\/07\/noun_eco-friendly_602642.png 700w, \/wp-content\/uploads\/2018\/07\/noun_eco-friendly_602642-150x150.png 150w, \/wp-content\/uploads\/2018\/07\/noun_eco-friendly_602642-300x300.png 300w, \/wp-content\/uploads\/2018\/07\/noun_eco-friendly_602642-250x250.png 250w, \/wp-content\/uploads\/2018\/07\/noun_eco-friendly_602642-600x600.png 600w, \/wp-content\/uploads\/2018\/07\/noun_eco-friendly_602642-350x350.png 350w\" sizes=\"auto, (max-width: 700px) 100vw, 700px\" \/>Propre et vert &#8211; le meilleur des deux mondes<\/h2>\n<p style=\"text-align: center;\">Chez GreenLABS, nous vous aidons \u00e0 offrir un meilleur nettoyage, tout en cr\u00e9ant des environnements sains, gr\u00e2ce \u00e0 notre gamme exclusive de produits \u00e9cologiques. Chaque produit a \u00e9t\u00e9 con\u00e7u pour \u00eatre puissant et efficace, tout en minimisant l&#8217;impact sur l&#8217;environnement, afin que vous puissiez l&#8217;utiliser tous les jours, pour tous les d\u00e9g\u00e2ts, sans aucune inqui\u00e9tude.<\/p>\n<p>[\/vc_column_text][\/vc_column][\/vc_row][vc_row disable_element=&#8221;yes&#8221;][vc_column][vc_gallery type=&#8221;image_grid&#8221; images=&#8221;2076&#8243; img_size=&#8221;1497 \u00d7 720&#8243; onclick=&#8221;&#8221;][\/vc_column][\/vc_row][vc_row disable_element=&#8221;yes&#8221;][vc_column][block_title inner_style_title=&#8221;only_text&#8221; padding_desc=&#8221;0%&#8221; title=&#8221;QUI EST GREENLABS?&#8221; description=&#8221;Codeless has been quietly but consistently building a powerhouse portfolio of web site design and marketing success. We have cheerfully and expertly designed, developed, strategized and implemented web marketing programs and wordpress sites for small and large medical clients, non-profit foundations, design agencies, real estate groups and small service clients.&#8221;][\/block_title][\/vc_column][\/vc_row][vc_row disable_element=&#8221;yes&#8221;][vc_column width=&#8221;1\/3&#8243;][services_small title=&#8221;Plus de 100 formulations personnalis\u00e9es&#8221; icon=&#8221;steadysets-icon-lab&#8221; dynamic_content_type=&#8221;content&#8221; dynamic_content_content=&#8221;Showcasing your projects is easy with Specular. Use Masonry, Grid, Fullwidth or Boxed Layout and all of them with 3 styles and 2-5 columns&#8221;][\/services_small][\/vc_column][vc_column width=&#8221;1\/3&#8243;][services_small title=&#8221;Produits \u00e9co-responsables.&#8221; icon=&#8221;moon-leaf-2&#8243; dynamic_content_type=&#8221;content&#8221; dynamic_content_content=&#8221;We have created a dedicated team only for the support and updates. 4 members work every day to ensure you that everything works fine.&#8221;][\/services_small][\/vc_column][vc_column width=&#8221;1\/3&#8243;][services_small title=&#8221;\u00c9quipe de soutien d\u00e9di\u00e9e&#8221; icon=&#8221;linecon-icon-user&#8221; dynamic_content_type=&#8221;content&#8221; dynamic_content_content=&#8221;We have created a dedicated team only for the support and updates. 4 members work every day to ensure you that everything works fine.&#8221;][\/services_small][\/vc_column][\/vc_row][vc_row disable_element=&#8221;yes&#8221; type=&#8221;full_width_background&#8221; bg_color=&#8221;#f5f5f5&#8243;][vc_column][block_title style=&#8221;column_title&#8221; title=&#8221;Your Partner in Making Sustainable Healthy Environments&#8221; second_title=&#8221;Manufacturing White Label Cleaning Solutions for Leading Brand Owners.&#8221;][\/block_title][vc_column_text]I am text block. Click edit button to change this text. Lorem ipsum dolor sit amet, consectetur adipiscing elit.<br \/>\nUt elit tellus, luctus nec ullamcorper mattis, pulvinar dapibus leo.[\/vc_column_text][vc_media_grid grid_id=&#8221;vc_gid:1533144063015-1592a828-bf2d-2&#8243; include=&#8221;2097,2098,2099&#8243;][\/vc_column][\/vc_row][vc_row disable_element=&#8221;yes&#8221; type=&#8221;full_width_background&#8221; bg_image=&#8221;959&#8243; parallax_bg=&#8221;true&#8221; overlay=&#8221;true&#8221; overlay_color=&#8221;#000000&#8243; text_color=&#8221;light&#8221; top_padding=&#8221;80&#8243; bottom_padding=&#8221;80&#8243;][vc_column width=&#8221;1\/4&#8243;][counter text=&#8221;Produits manufactur\u00e9s&#8221; icon=&#8221;moon-checkmark&#8221; number=&#8221;7,126,157&#8243;][\/vc_column][vc_column width=&#8221;1\/4&#8243;][counter text=&#8221;Litres de production par jour&#8221; icon=&#8221;moon-droplet&#8221; number=&#8221;6782&#8243;][\/vc_column][vc_column width=&#8221;1\/4&#8243;][counter text=&#8221;Produits exp\u00e9di\u00e9s&#8221; icon=&#8221;linecon-icon-truck&#8221; number=&#8221;8,782,932&#8243;][\/vc_column][vc_column width=&#8221;1\/4&#8243;][counter text=&#8221;Utilisateurs actifs&#8221; icon=&#8221;linecon-icon-shop&#8221; number=&#8221;4586&#8243;][\/vc_column][\/vc_row][vc_row disable_element=&#8221;yes&#8221;][vc_column][block_title inner_style_title=&#8221;only_text&#8221; title=&#8221;Notre direction&#8221;][\/block_title][\/vc_column][\/vc_row][vc_row disable_element=&#8221;yes&#8221;][vc_column width=&#8221;1\/2&#8243;][single_testimonial testimon=&#8221;268&#8243;][\/vc_column][vc_column width=&#8221;1\/2&#8243;][single_testimonial testimon=&#8221;269&#8243;][\/vc_column][\/vc_row][vc_row][vc_column][vc_column_text]<\/p>\n<h2>Cat\u00e9gories de produits<\/h2>\n<p>[\/vc_column_text][\/vc_column][\/vc_row][vc_row top_padding=&#8221;20&#8243;][vc_column width=&#8221;1\/6&#8243; css=&#8221;.vc_custom_1532360012422{padding-right: 30px !important;padding-left: 30px !important;}&#8221;][vc_column_text]<img loading=\"lazy\" decoding=\"async\" class=\"aligncenter wp-image-2568 size-full\" src=\"http:\/\/greenlabscs.com\/wp-content\/uploads\/sites\/3\/2018\/08\/icon-air-care.png\" alt=\"Traitement de l'air\" width=\"300\" height=\"300\" srcset=\"\/wp-content\/uploads\/2018\/08\/icon-air-care.png 300w, \/wp-content\/uploads\/2018\/08\/icon-air-care-150x150.png 150w, \/wp-content\/uploads\/2018\/08\/icon-air-care-250x250.png 250w\" sizes=\"auto, (max-width: 300px) 100vw, 300px\" \/><\/p>\n<p style=\"text-align: center;\"><strong>Traitement de l&#8217;air<\/strong><\/p>\n<p>[\/vc_column_text][\/vc_column][vc_column width=&#8221;1\/6&#8243; css=&#8221;.vc_custom_1532359995386{padding-right: 30px !important;padding-left: 30px !important;}&#8221;][vc_column_text]<img loading=\"lazy\" decoding=\"async\" class=\"aligncenter wp-image-2569 size-full\" src=\"http:\/\/greenlabscs.com\/wp-content\/uploads\/sites\/3\/2018\/08\/icon-carpet.png\" alt=\"Tapis\" width=\"300\" height=\"300\" srcset=\"\/wp-content\/uploads\/2018\/08\/icon-carpet.png 300w, \/wp-content\/uploads\/2018\/08\/icon-carpet-150x150.png 150w, \/wp-content\/uploads\/2018\/08\/icon-carpet-250x250.png 250w\" sizes=\"auto, (max-width: 300px) 100vw, 300px\" \/><\/p>\n<p style=\"text-align: center;\"><strong>Tapis<\/strong><\/p>\n<p>[\/vc_column_text][\/vc_column][vc_column width=&#8221;1\/6&#8243; css=&#8221;.vc_custom_1532360025509{padding-right: 30px !important;padding-left: 30px !important;}&#8221;][vc_column_text]<img loading=\"lazy\" decoding=\"async\" class=\"aligncenter wp-image-2570 size-full\" src=\"http:\/\/greenlabscs.com\/wp-content\/uploads\/sites\/3\/2018\/08\/icon-disinfectants.png\" alt=\"D\u00e9sinfectants\" width=\"300\" height=\"300\" srcset=\"\/wp-content\/uploads\/2018\/08\/icon-disinfectants.png 300w, \/wp-content\/uploads\/2018\/08\/icon-disinfectants-150x150.png 150w, \/wp-content\/uploads\/2018\/08\/icon-disinfectants-250x250.png 250w\" sizes=\"auto, (max-width: 300px) 100vw, 300px\" \/><\/p>\n<p style=\"text-align: center;\"><strong>D\u00e9sinfectants<\/strong><\/p>\n<p>[\/vc_column_text][\/vc_column][vc_column width=&#8221;1\/6&#8243; css=&#8221;.vc_custom_1532360046818{padding-right: 30px !important;padding-left: 30px !important;}&#8221;][vc_column_text]<img loading=\"lazy\" decoding=\"async\" class=\"aligncenter wp-image-2571 size-full\" src=\"http:\/\/greenlabscs.com\/wp-content\/uploads\/sites\/3\/2018\/08\/icon-floor-care.png\" alt=\"Entretien des planchers\" width=\"300\" height=\"300\" srcset=\"\/wp-content\/uploads\/2018\/08\/icon-floor-care.png 300w, \/wp-content\/uploads\/2018\/08\/icon-floor-care-150x150.png 150w, \/wp-content\/uploads\/2018\/08\/icon-floor-care-250x250.png 250w\" sizes=\"auto, (max-width: 300px) 100vw, 300px\" \/><\/p>\n<p style=\"text-align: center;\"><strong>Entretien des planchers<\/strong><\/p>\n<p>[\/vc_column_text][\/vc_column][vc_column width=&#8221;1\/6&#8243; css=&#8221;.vc_custom_1532360057749{padding-right: 30px !important;padding-left: 30px !important;}&#8221;][vc_column_text]<img loading=\"lazy\" decoding=\"async\" class=\"aligncenter wp-image-2572 size-full\" src=\"http:\/\/greenlabscs.com\/wp-content\/uploads\/sites\/3\/2018\/08\/icon-general-cleaning.png\" alt=\"Entretien g\u00e9n\u00e9ral\" width=\"300\" height=\"300\" srcset=\"\/wp-content\/uploads\/2018\/08\/icon-general-cleaning.png 300w, \/wp-content\/uploads\/2018\/08\/icon-general-cleaning-150x150.png 150w, \/wp-content\/uploads\/2018\/08\/icon-general-cleaning-250x250.png 250w\" sizes=\"auto, (max-width: 300px) 100vw, 300px\" \/><\/p>\n<p style=\"text-align: center;\"><strong>Entretien g\u00e9n\u00e9ral<\/strong><\/p>\n<p>[\/vc_column_text][\/vc_column][vc_column width=&#8221;1\/6&#8243; css=&#8221;.vc_custom_1532360077407{padding-right: 30px !important;padding-left: 30px !important;}&#8221;][vc_column_text]<img loading=\"lazy\" decoding=\"async\" class=\"aligncenter wp-image-2573 size-full\" src=\"http:\/\/greenlabscs.com\/wp-content\/uploads\/sites\/3\/2018\/08\/icon-glass-cleaner.png\" alt=\"Nettoyage de vitre\" width=\"300\" height=\"300\" srcset=\"\/wp-content\/uploads\/2018\/08\/icon-glass-cleaner.png 300w, \/wp-content\/uploads\/2018\/08\/icon-glass-cleaner-150x150.png 150w, \/wp-content\/uploads\/2018\/08\/icon-glass-cleaner-250x250.png 250w\" sizes=\"auto, (max-width: 300px) 100vw, 300px\" \/><\/p>\n<p style=\"text-align: center;\"><strong>Nettoyage de vitre<\/strong><\/p>\n<p>[\/vc_column_text][\/vc_column][\/vc_row][vc_row top_padding=&#8221;20&#8243; bottom_padding=&#8221;20&#8243;][vc_column width=&#8221;1\/6&#8243; css=&#8221;.vc_custom_1532360012422{padding-right: 30px !important;padding-left: 30px !important;}&#8221;][vc_column_text]<img loading=\"lazy\" decoding=\"async\" class=\"aligncenter wp-image-2575 size-full\" src=\"http:\/\/greenlabscs.com\/wp-content\/uploads\/sites\/3\/2018\/08\/icon-hand-care.png\" alt=\"Soins pour les mains\" width=\"300\" height=\"300\" srcset=\"\/wp-content\/uploads\/2018\/08\/icon-hand-care.png 300w, \/wp-content\/uploads\/2018\/08\/icon-hand-care-150x150.png 150w, \/wp-content\/uploads\/2018\/08\/icon-hand-care-250x250.png 250w\" sizes=\"auto, (max-width: 300px) 100vw, 300px\" \/><\/p>\n<p style=\"text-align: center;\"><strong>Soins pour les mains<\/strong><\/p>\n<p>[\/vc_column_text][\/vc_column][vc_column width=&#8221;1\/6&#8243; css=&#8221;.vc_custom_1532359995386{padding-right: 30px !important;padding-left: 30px !important;}&#8221;][vc_column_text]<img loading=\"lazy\" decoding=\"async\" class=\"aligncenter wp-image-2576 size-full\" src=\"http:\/\/greenlabscs.com\/wp-content\/uploads\/sites\/3\/2018\/08\/icon-kitchen.png\" alt=\"Cuisine\" width=\"300\" height=\"300\" srcset=\"\/wp-content\/uploads\/2018\/08\/icon-kitchen.png 300w, \/wp-content\/uploads\/2018\/08\/icon-kitchen-150x150.png 150w, \/wp-content\/uploads\/2018\/08\/icon-kitchen-250x250.png 250w\" sizes=\"auto, (max-width: 300px) 100vw, 300px\" \/><\/p>\n<p style=\"text-align: center;\"><strong>Cuisine<\/strong><\/p>\n<p>[\/vc_column_text][\/vc_column][vc_column width=&#8221;1\/6&#8243; css=&#8221;.vc_custom_1532360025509{padding-right: 30px !important;padding-left: 30px !important;}&#8221;][vc_column_text]<img loading=\"lazy\" decoding=\"async\" class=\"aligncenter wp-image-2577 size-full\" src=\"http:\/\/greenlabscs.com\/wp-content\/uploads\/sites\/3\/2018\/08\/icon-laundry.png\" alt=\"Lessive\" width=\"300\" height=\"300\" srcset=\"\/wp-content\/uploads\/2018\/08\/icon-laundry.png 300w, \/wp-content\/uploads\/2018\/08\/icon-laundry-150x150.png 150w, \/wp-content\/uploads\/2018\/08\/icon-laundry-250x250.png 250w\" sizes=\"auto, (max-width: 300px) 100vw, 300px\" \/><\/p>\n<p style=\"text-align: center;\"><strong>Lessive<\/strong><\/p>\n<p>[\/vc_column_text][\/vc_column][vc_column width=&#8221;1\/6&#8243; css=&#8221;.vc_custom_1532360046818{padding-right: 30px !important;padding-left: 30px !important;}&#8221;][vc_column_text]<img loading=\"lazy\" decoding=\"async\" class=\"aligncenter wp-image-2578 size-full\" src=\"http:\/\/greenlabscs.com\/wp-content\/uploads\/sites\/3\/2018\/08\/icon-personal-hygiene.png\" alt=\"Soins personnels\" width=\"300\" height=\"300\" srcset=\"\/wp-content\/uploads\/2018\/08\/icon-personal-hygiene.png 300w, \/wp-content\/uploads\/2018\/08\/icon-personal-hygiene-150x150.png 150w, \/wp-content\/uploads\/2018\/08\/icon-personal-hygiene-250x250.png 250w\" sizes=\"auto, (max-width: 300px) 100vw, 300px\" \/><\/p>\n<p style=\"text-align: center;\"><strong>Soins personnels<\/strong><\/p>\n<p>[\/vc_column_text][\/vc_column][vc_column width=&#8221;1\/6&#8243; css=&#8221;.vc_custom_1532360057749{padding-right: 30px !important;padding-left: 30px !important;}&#8221;][vc_column_text]<img loading=\"lazy\" decoding=\"async\" class=\"aligncenter wp-image-2579 size-full\" src=\"http:\/\/greenlabscs.com\/wp-content\/uploads\/sites\/3\/2018\/08\/icon-restroom-care.png\" alt=\"Salles de bain\" width=\"300\" height=\"300\" srcset=\"\/wp-content\/uploads\/2018\/08\/icon-restroom-care.png 300w, \/wp-content\/uploads\/2018\/08\/icon-restroom-care-150x150.png 150w, \/wp-content\/uploads\/2018\/08\/icon-restroom-care-250x250.png 250w\" sizes=\"auto, (max-width: 300px) 100vw, 300px\" \/><\/p>\n<p style=\"text-align: center;\"><strong>Salles de bain<\/strong><\/p>\n<p>[\/vc_column_text][\/vc_column][vc_column width=&#8221;1\/6&#8243; css=&#8221;.vc_custom_1532360077407{padding-right: 30px !important;padding-left: 30px !important;}&#8221;][vc_column_text]<img loading=\"lazy\" decoding=\"async\" class=\"aligncenter wp-image-2580 size-full\" src=\"http:\/\/greenlabscs.com\/wp-content\/uploads\/sites\/3\/2018\/08\/icon-specialty.png\" alt=\"Sp\u00e9cialit\u00e9\" width=\"300\" height=\"300\" srcset=\"\/wp-content\/uploads\/2018\/08\/icon-specialty.png 300w, \/wp-content\/uploads\/2018\/08\/icon-specialty-150x150.png 150w, \/wp-content\/uploads\/2018\/08\/icon-specialty-250x250.png 250w\" sizes=\"auto, (max-width: 300px) 100vw, 300px\" \/><\/p>\n<p style=\"text-align: center;\"><strong>Sp\u00e9cialit\u00e9<\/strong><\/p>\n<p>[\/vc_column_text][\/vc_column][\/vc_row][vc_row type=&#8221;full_width_background&#8221; bg_color=&#8221;#a5a7aa&#8221; text_color=&#8221;light&#8221; top_padding=&#8221;30&#8243; bottom_padding=&#8221;30&#8243; class=&#8221;contact-form-row&#8221;][vc_column][vc_column_text]<\/p>\n<h3 style=\"margin-bottom: 15px; color: #ffffff;\">Pour plus d&#8217;informations, contactez-nous<\/h3>\n<div class=\"wpcf7 no-js\" id=\"wpcf7-f4503-o1\" lang=\"fr-FR\" dir=\"ltr\" data-wpcf7-id=\"4503\">\n<div class=\"screen-reader-response\"><p role=\"status\" aria-live=\"polite\" aria-atomic=\"true\"><\/p> <ul><\/ul><\/div>\n<form action=\"\/fr\/wp-json\/wp\/v2\/pages\/4444#wpcf7-f4503-o1\" method=\"post\" class=\"wpcf7-form init\" aria-label=\"Formulaire de contact\" novalidate=\"novalidate\" data-status=\"init\">\n<div style=\"display: none;\">\n<input type=\"hidden\" name=\"_wpcf7\" value=\"4503\" \/>\n<input type=\"hidden\" name=\"_wpcf7_version\" value=\"6.0.6\" \/>\n<input type=\"hidden\" name=\"_wpcf7_locale\" value=\"fr_FR\" \/>\n<input type=\"hidden\" name=\"_wpcf7_unit_tag\" value=\"wpcf7-f4503-o1\" \/>\n<input type=\"hidden\" name=\"_wpcf7_container_post\" value=\"0\" \/>\n<input type=\"hidden\" name=\"_wpcf7_posted_data_hash\" value=\"\" \/>\n<input type=\"hidden\" name=\"_wpcf7cf_hidden_group_fields\" value=\"[]\" \/>\n<input type=\"hidden\" name=\"_wpcf7cf_hidden_groups\" value=\"[]\" \/>\n<input type=\"hidden\" name=\"_wpcf7cf_visible_groups\" value=\"[]\" \/>\n<input type=\"hidden\" name=\"_wpcf7cf_repeaters\" value=\"[]\" \/>\n<input type=\"hidden\" name=\"_wpcf7cf_steps\" value=\"{}\" \/>\n<input type=\"hidden\" name=\"_wpcf7cf_options\" value=\"{&quot;form_id&quot;:4503,&quot;conditions&quot;:[],&quot;settings&quot;:{&quot;animation&quot;:&quot;yes&quot;,&quot;animation_intime&quot;:200,&quot;animation_outtime&quot;:200,&quot;conditions_ui&quot;:&quot;normal&quot;,&quot;notice_dismissed&quot;:false}}\" \/>\n<\/div>\n<p><label> Nom (obligatoire)<br \/>\n<span class=\"wpcf7-form-control-wrap\" data-name=\"your-name\"><input size=\"40\" maxlength=\"400\" class=\"wpcf7-form-control wpcf7-text wpcf7-validates-as-required\" aria-required=\"true\" aria-invalid=\"false\" value=\"\" type=\"text\" name=\"your-name\" \/><\/span> <\/label>\n<\/p>\n<p><label> Compagnie (obligatoire)<br \/>\n<span class=\"wpcf7-form-control-wrap\" data-name=\"your-company\"><input size=\"40\" maxlength=\"400\" class=\"wpcf7-form-control wpcf7-text wpcf7-validates-as-required\" aria-required=\"true\" aria-invalid=\"false\" value=\"\" type=\"text\" name=\"your-company\" \/><\/span> <\/label>\n<\/p>\n<p><label> T\u00e9l\u00e9phone<br \/>\n<span class=\"wpcf7-form-control-wrap\" data-name=\"your-phone\"><input size=\"40\" maxlength=\"400\" class=\"wpcf7-form-control wpcf7-tel wpcf7-text wpcf7-validates-as-tel\" aria-invalid=\"false\" value=\"\" type=\"tel\" name=\"your-phone\" \/><\/span> <\/label>\n<\/p>\n<p><label>Courriel (obligatoire)<br \/>\n<span class=\"wpcf7-form-control-wrap\" data-name=\"your-email\"><input size=\"40\" maxlength=\"400\" class=\"wpcf7-form-control wpcf7-email wpcf7-validates-as-required wpcf7-text wpcf7-validates-as-email\" aria-required=\"true\" aria-invalid=\"false\" value=\"\" type=\"email\" name=\"your-email\" \/><\/span> <\/label>\n<\/p>\n<p><label> Message<br \/>\n<span class=\"wpcf7-form-control-wrap\" data-name=\"your-message\"><textarea cols=\"40\" rows=\"10\" maxlength=\"2000\" class=\"wpcf7-form-control wpcf7-textarea\" aria-invalid=\"false\" name=\"your-message\"><\/textarea><\/span> <\/label>\n<\/p>\n<p><input class=\"wpcf7-form-control wpcf7-submit has-spinner\" type=\"submit\" value=\"Envoyer\" \/>\n<\/p><div class=\"wpcf7-response-output\" aria-hidden=\"true\"><\/div>\n<\/form>\n<\/div>\n[\/vc_column_text][\/vc_column][\/vc_row]<\/p>\n","protected":false},"excerpt":{"rendered":"<p>[vc_row class=&#8221;padcontent&#8221;][vc_column][vc_custom_heading source=&#8221;post_title&#8221; font_container=&#8221;tag:h1|font_size:36px|text_align:left|line_height:36px&#8221; use_theme_fonts=&#8221;yes&#8221; css=&#8221;.vc_custom_1531423786114{margin-bottom: 15px !important;}&#8221;][vc_column_text]Lorsqu&#8217;il s&#8217;agit de maintenir des installations propres et conformes aux normes, un stock complet de solutions de nettoyage est essentiel. Une installation propre est une installation productive ! Qu&#8217;il s&#8217;agisse de nettoyer un d\u00e9g\u00e2t au bureau ou de garder les choses impeccables dans un entrep\u00f4t industriel, les bonnes [&hellip;]<\/p>\n","protected":false},"author":16,"featured_media":0,"parent":0,"menu_order":37,"comment_status":"open","ping_status":"closed","template":"","meta":{"footnotes":""},"class_list":["post-4444","page","type-page","status-publish","hentry"],"_links":{"self":[{"href":"https:\/\/greenlabscs.com\/fr\/wp-json\/wp\/v2\/pages\/4444","targetHints":{"allow":["GET"]}}],"collection":[{"href":"https:\/\/greenlabscs.com\/fr\/wp-json\/wp\/v2\/pages"}],"about":[{"href":"https:\/\/greenlabscs.com\/fr\/wp-json\/wp\/v2\/types\/page"}],"author":[{"embeddable":true,"href":"https:\/\/greenlabscs.com\/fr\/wp-json\/wp\/v2\/users\/16"}],"replies":[{"embeddable":true,"href":"https:\/\/greenlabscs.com\/fr\/wp-json\/wp\/v2\/comments?post=4444"}],"version-history":[{"count":0,"href":"https:\/\/greenlabscs.com\/fr\/wp-json\/wp\/v2\/pages\/4444\/revisions"}],"wp:attachment":[{"href":"https:\/\/greenlabscs.com\/fr\/wp-json\/wp\/v2\/media?parent=4444"}],"curies":[{"name":"wp","href":"https:\/\/api.w.org\/{rel}","templated":true}]}}